{"id":32,"date":"2020-10-26T17:57:15","date_gmt":"2020-10-26T17:57:15","guid":{"rendered":"https:\/\/mato-gmbh.at\/?page_id=32"},"modified":"2020-10-26T17:57:15","modified_gmt":"2020-10-26T17:57:15","slug":"quick-check","status":"publish","type":"page","link":"https:\/\/mato-gmbh.at\/?page_id=32","title":{"rendered":"Quick-Check"},"content":{"rendered":"\n<ul class=\"wp-block-list\"><li><small>Kurzanalyse bestehender Verpackungsstra\u00dfen<br><\/small><\/li><li><small>Kurzanalyse von bestehender Produktion<\/small><\/li><li><small>Ma\u00dfnahmenkatalog f\u00fcr Verbesserungspotentiale<\/small><br><\/li><\/ul>\n","protected":false},"excerpt":{"rendered":"<p>Kurzanalyse bestehender Verpackungsstra\u00dfen Kurzanalyse von bestehender Produktion Ma\u00dfnahmenkatalog f\u00fcr Verbesserungspotentiale<\/p>\n","protected":false},"author":1,"featured_media":0,"parent":29,"menu_order":0,"comment_status":"closed","ping_status":"closed","template":"","meta":{"footnotes":""},"class_list":["post-32","page","type-page","status-publish","hentry"],"_links":{"self":[{"href":"https:\/\/mato-gmbh.at\/index.php?rest_route=\/wp\/v2\/pages\/32","targetHints":{"allow":["GET"]}}],"collection":[{"href":"https:\/\/mato-gmbh.at\/index.php?rest_route=\/wp\/v2\/pages"}],"about":[{"href":"https:\/\/mato-gmbh.at\/index.php?rest_route=\/wp\/v2\/types\/page"}],"author":[{"embeddable":true,"href":"https:\/\/mato-gmbh.at\/index.php?rest_route=\/wp\/v2\/users\/1"}],"replies":[{"embeddable":true,"href":"https:\/\/mato-gmbh.at\/index.php?rest_route=%2Fwp%2Fv2%2Fcomments&post=32"}],"version-history":[{"count":1,"href":"https:\/\/mato-gmbh.at\/index.php?rest_route=\/wp\/v2\/pages\/32\/revisions"}],"predecessor-version":[{"id":33,"href":"https:\/\/mato-gmbh.at\/index.php?rest_route=\/wp\/v2\/pages\/32\/revisions\/33"}],"up":[{"embeddable":true,"href":"https:\/\/mato-gmbh.at\/index.php?rest_route=\/wp\/v2\/pages\/29"}],"wp:attachment":[{"href":"https:\/\/mato-gmbh.at\/index.php?rest_route=%2Fwp%2Fv2%2Fmedia&parent=32"}],"curies":[{"name":"wp","href":"https:\/\/api.w.org\/{rel}","templated":true}]}}