{"id":9,"date":"2020-10-26T17:49:05","date_gmt":"2020-10-26T17:49:05","guid":{"rendered":"https:\/\/mato-gmbh.at\/?page_id=9"},"modified":"2020-10-26T18:28:55","modified_gmt":"2020-10-26T18:28:55","slug":"geschichte","status":"publish","type":"page","link":"https:\/\/mato-gmbh.at\/?page_id=9","title":{"rendered":"Geschichte"},"content":{"rendered":"\n<figure class=\"wp-block-table\"><table><tbody><tr><td><small>Die Firma MATO wurde von Toni Oblasser 2006 gegr\u00fcndet!<\/small> <small><\/small> <small><\/small> <small><\/small> <small><\/small> <small><\/small> <small><\/small><small>Wir sind ein \u00f6sterreichisches Unternehmen und haben uns auf das Aufgabengebiet Verpackungstechnik<\/small> <small>spezialisiert!<\/small> <small>Wir versuchen in diesem Bereich den Kunden bestm\u00f6glich zu beraten und zu bedienen.<\/small> <small>Wir planen komplexe Verpackungsabl\u00e4ufe und setzen diese mit unseren verl\u00e4sslichen Partnerfirmen um.<\/small> <small>Um auch kosteng\u00fcnstigere Varianten zu planen verwenden wir auch gebrauchte Maschinen bzw. eine<\/small> <small>Mischung zwischen neue und gebrauchte Anlagenteile! Dadurch ist es uns auch m\u00f6glich einen Umbau<\/small> <small>bzw. eine Umstellung in einer Produktion mit Verwendung von vorhandenen und neuen Anlagenteile zu realisieren!<\/small> <small><\/small> <small><\/small><\/td><\/tr><tr><td><small>Jede Anfrage ist f\u00fcr uns eine neue Herausforderung, um unsere Kompetenz zu best\u00e4tigen bzw. weiter aus zu bauen!<\/small><\/td><\/tr><\/tbody><\/table><\/figure>\n\n\n\n<figure class=\"wp-block-table\"><table><tbody><tr><td><small>Gerne erwarten wir Ihre Anfrage per E-Mail auf:<\/small><br><a href=\"mailto:office@mato-gmbh.at\">office @ mato-gmbh.at<\/a><\/td><\/tr><\/tbody><\/table><\/figure>\n","protected":false},"excerpt":{"rendered":"<p>Die Firma MATO wurde von Toni Oblasser 2006 gegr\u00fcndet! Wir sind ein \u00f6sterreichisches Unternehmen und haben uns auf das Aufgabengebiet Verpackungstechnik spezialisiert! Wir versuchen in diesem Bereich den Kunden bestm\u00f6glich zu beraten und zu bedienen. Wir planen komplexe Verpackungsabl\u00e4ufe und setzen diese mit unseren verl\u00e4sslichen Partnerfirmen um. Um auch kosteng\u00fcnstigere Varianten zu planen verwenden wir &hellip; <\/p>\n<p class=\"link-more\"><a href=\"https:\/\/mato-gmbh.at\/?page_id=9\" class=\"more-link\"><span class=\"screen-reader-text\">\u201eGeschichte\u201c<\/span> weiterlesen<\/a><\/p>\n","protected":false},"author":1,"featured_media":0,"parent":2,"menu_order":0,"comment_status":"closed","ping_status":"closed","template":"","meta":{"footnotes":""},"class_list":["post-9","page","type-page","status-publish","hentry"],"_links":{"self":[{"href":"https:\/\/mato-gmbh.at\/index.php?rest_route=\/wp\/v2\/pages\/9","targetHints":{"allow":["GET"]}}],"collection":[{"href":"https:\/\/mato-gmbh.at\/index.php?rest_route=\/wp\/v2\/pages"}],"about":[{"href":"https:\/\/mato-gmbh.at\/index.php?rest_route=\/wp\/v2\/types\/page"}],"author":[{"embeddable":true,"href":"https:\/\/mato-gmbh.at\/index.php?rest_route=\/wp\/v2\/users\/1"}],"replies":[{"embeddable":true,"href":"https:\/\/mato-gmbh.at\/index.php?rest_route=%2Fwp%2Fv2%2Fcomments&post=9"}],"version-history":[{"count":2,"href":"https:\/\/mato-gmbh.at\/index.php?rest_route=\/wp\/v2\/pages\/9\/revisions"}],"predecessor-version":[{"id":52,"href":"https:\/\/mato-gmbh.at\/index.php?rest_route=\/wp\/v2\/pages\/9\/revisions\/52"}],"up":[{"embeddable":true,"href":"https:\/\/mato-gmbh.at\/index.php?rest_route=\/wp\/v2\/pages\/2"}],"wp:attachment":[{"href":"https:\/\/mato-gmbh.at\/index.php?rest_route=%2Fwp%2Fv2%2Fmedia&parent=9"}],"curies":[{"name":"wp","href":"https:\/\/api.w.org\/{rel}","templated":true}]}}